{"id":64,"date":"2022-05-31T18:29:17","date_gmt":"2022-05-31T17:29:17","guid":{"rendered":"https:\/\/virtuel.rs\/?page_id=64"},"modified":"2022-11-08T08:27:46","modified_gmt":"2022-11-08T07:27:46","slug":"kontakti","status":"publish","type":"page","link":"https:\/\/virtuel.rs\/?page_id=64","title":{"rendered":"Kontakti"},"content":{"rendered":"\n<p>VIRTUEL d.o.o.<\/p>\n\n\n\n<p><strong>Telefon: <\/strong>063-80-75-345<\/p>\n\n\n\n<p><strong>Adresa:<\/strong> Bra\u0107e Grkovi\u0107 11, 11276 Jakovo<\/p>\n\n\n\n<p><strong>e-po\u0161ta: <\/strong>office@virtuel.rs  ,  solar@virtuel.rs<\/p>\n\n\n\n<p><strong>PIB: <\/strong>108480179<\/p>\n\n\n\n<p><strong>MB: <\/strong>21008079<\/p>\n","protected":false},"excerpt":{"rendered":"<p>VIRTUEL d.o.o. Telefon: 063-80-75-345 Adresa: Bra\u0107e Grkovi\u0107 11, 11276 Jakovo e-po\u0161ta: office@virtuel.rs , solar@virtuel.rs PIB: 108480179 MB: 21008079<\/p>\n","protected":false},"author":1,"featured_media":0,"parent":0,"menu_order":0,"comment_status":"closed","ping_status":"closed","template":"","meta":[],"_links":{"self":[{"href":"https:\/\/virtuel.rs\/index.php?rest_route=\/wp\/v2\/pages\/64"}],"collection":[{"href":"https:\/\/virtuel.rs\/index.php?rest_route=\/wp\/v2\/pages"}],"about":[{"href":"https:\/\/virtuel.rs\/index.php?rest_route=\/wp\/v2\/types\/page"}],"author":[{"embeddable":true,"href":"https:\/\/virtuel.rs\/index.php?rest_route=\/wp\/v2\/users\/1"}],"replies":[{"embeddable":true,"href":"https:\/\/virtuel.rs\/index.php?rest_route=%2Fwp%2Fv2%2Fcomments&post=64"}],"version-history":[{"count":4,"href":"https:\/\/virtuel.rs\/index.php?rest_route=\/wp\/v2\/pages\/64\/revisions"}],"predecessor-version":[{"id":211,"href":"https:\/\/virtuel.rs\/index.php?rest_route=\/wp\/v2\/pages\/64\/revisions\/211"}],"wp:attachment":[{"href":"https:\/\/virtuel.rs\/index.php?rest_route=%2Fwp%2Fv2%2Fmedia&parent=64"}],"curies":[{"name":"wp","href":"https:\/\/api.w.org\/{rel}","templated":true}]}}